{"id":16920,"date":"2014-11-19T14:44:22","date_gmt":"2014-11-19T14:44:22","guid":{"rendered":"https:\/\/tiinasarapu.ee\/?page_id=16920"},"modified":"2019-04-18T20:03:27","modified_gmt":"2019-04-18T17:03:27","slug":"kontakt-tiinasarapu","status":"publish","type":"page","link":"https:\/\/tiinasarapu.ee\/en\/kontakt-tiinasarapu\/","title":{"rendered":"Contact"},"content":{"rendered":"<div class=\"wpb-content-wrapper\"><p>[vc_row css_animation=&#8221;&#8221; row_type=&#8221;row&#8221; use_row_as_full_screen_section=&#8221;no&#8221; type=&#8221;grid&#8221; angled_section=&#8221;no&#8221; text_align=&#8221;left&#8221; background_image_as_pattern=&#8221;without_pattern&#8221; padding_top=&#8221;100&#8243; padding_bottom=&#8221;100&#8243;][vc_column width=&#8221;1\/4&#8243;][vc_column_text]<\/p>\n<h5>Studio address<\/h5>\n<p>[\/vc_column_text][vc_separator type=&#8221;transparent&#8221; up=&#8221;12&#8243; down=&#8221;0&#8243;][vc_column_text]Niine 11<\/p>\n<p>Tallinn 10414<\/p>\n<p>Estonia[\/vc_column_text][vc_separator type=&#8221;transparent&#8221; up=&#8221;29&#8243; down=&#8221;0&#8243;][vc_column_text]<\/p>\n<h5>Phone<\/h5>\n<p>[\/vc_column_text][vc_separator type=&#8221;transparent&#8221; up=&#8221;12&#8243; down=&#8221;0&#8243;][vc_column_text]<a href=\"tel:+3725536129\">+3725536129<\/a>[\/vc_column_text][vc_separator type=&#8221;transparent&#8221; up=&#8221;29&#8243; down=&#8221;0&#8243;][vc_column_text]<\/p>\n<h5>E-mail<\/h5>\n<p>[\/vc_column_text][vc_separator type=&#8221;transparent&#8221; up=&#8221;12&#8243; down=&#8221;0&#8243;][vc_column_text]tiina.sarapu@gmail.com<\/p>\n<p>tiina@glass.ee[\/vc_column_text][vc_separator type=&#8221;transparent&#8221; up=&#8221;30&#8243; down=&#8221;0&#8243;][\/vc_column][vc_column width=&#8221;3\/4&#8243;][vc_column_text]Don&#8217;t hesitate to contact me either for more information or for a price offer.<\/p>\n<p>Also, you are very welcome to share your thoughts about the works you have seen on my website.[\/vc_column_text][vc_separator type=&#8221;transparent&#8221; up=&#8221;30&#8243;][\/vc_column][\/vc_row][vc_row css_animation=&#8221;&#8221; row_type=&#8221;row&#8221; use_row_as_full_screen_section=&#8221;no&#8221; type=&#8221;full_width&#8221; angled_section=&#8221;no&#8221; text_align=&#8221;left&#8221; background_image_as_pattern=&#8221;without_pattern&#8221;][vc_column][\/vc_column][\/vc_row][vc_row css_animation=&#8221;&#8221; row_type=&#8221;row&#8221; use_row_as_full_screen_section=&#8221;no&#8221; type=&#8221;full_width&#8221; angled_section=&#8221;no&#8221; text_align=&#8221;left&#8221; background_image_as_pattern=&#8221;without_pattern&#8221;][vc_column][\/vc_column][\/vc_row]<\/p>\n<\/div>","protected":false},"excerpt":{"rendered":"<p>[vc_row css_animation=&#8221;&#8221; row_type=&#8221;row&#8221; use_row_as_full_screen_section=&#8221;no&#8221; type=&#8221;grid&#8221; angled_section=&#8221;no&#8221; text_align=&#8221;left&#8221; background_image_as_pattern=&#8221;without_pattern&#8221; padding_top=&#8221;100&#8243; padding_bottom=&#8221;100&#8243;][vc_column width=&#8221;1\/4&#8243;][vc_column_text] Studio address [\/vc_column_text][vc_separator type=&#8221;transparent&#8221; up=&#8221;12&#8243; down=&#8221;0&#8243;][vc_column_text]Niine 11 Tallinn 10414 Estonia[\/vc_column_text][vc_separator type=&#8221;transparent&#8221; up=&#8221;29&#8243; down=&#8221;0&#8243;][vc_column_text] Phone [\/vc_column_text][vc_separator type=&#8221;transparent&#8221; up=&#8221;12&#8243; down=&#8221;0&#8243;][vc_column_text]+3725536129[\/vc_column_text][vc_separator type=&#8221;transparent&#8221; up=&#8221;29&#8243; down=&#8221;0&#8243;][vc_column_text] E-mail [\/vc_column_text][vc_separator type=&#8221;transparent&#8221; up=&#8221;12&#8243; down=&#8221;0&#8243;][vc_column_text]tiina.sarapu@gmail.com tiina@glass.ee[\/vc_column_text][vc_separator type=&#8221;transparent&#8221; up=&#8221;30&#8243; down=&#8221;0&#8243;][\/vc_column][vc_column width=&#8221;3\/4&#8243;][vc_column_text]Don&#8217;t hesitate to contact&#8230;<\/p>\n","protected":false},"author":2,"featured_media":0,"parent":0,"menu_order":0,"comment_status":"open","ping_status":"open","template":"full_width.php","meta":{"footnotes":""},"class_list":["post-16920","page","type-page","status-publish","hentry"],"yoast_head":"<!-- This site is optimized with the Yoast SEO plugin v25.0 - https:\/\/yoast.com\/wordpress\/plugins\/seo\/ -->\n<title>Kontakt \u2013 klaasikunstnik Tiina Sarapu \u2013 tiinasarapu.ee<\/title>\n<meta name=\"description\" content=\"Stuudio aadress: Niine tn 11, Tallinn, tel +372 5536129 tiina.sarapu@gmail.com V\u00f5ta julgesti \u00fchendust kui soovid saada hinnapakkumist v\u00f5i tellida midagi t\u00e4iesti ainulaadset. Klaas on suurep\u00e4rane materjal erilisteks puhkudeks. Vaata tehtud t\u00f6id minu kodulehelt.\" \/>\n<meta name=\"robots\" content=\"index, follow, max-snippet:-1, max-image-preview:large, max-video-preview:-1\" \/>\n<link rel=\"canonical\" href=\"https:\/\/tiinasarapu.ee\/en\/kontakt-tiinasarapu\/\" \/>\n<meta property=\"og:locale\" content=\"en_US\" \/>\n<meta property=\"og:type\" content=\"article\" \/>\n<meta property=\"og:title\" content=\"Kontakt \u2013 klaasikunstnik Tiina Sarapu \u2013 tiinasarapu.ee\" \/>\n<meta property=\"og:description\" content=\"Stuudio aadress: Niine tn 11, Tallinn, tel +372 5536129 tiina.sarapu@gmail.com V\u00f5ta julgesti \u00fchendust kui soovid saada hinnapakkumist v\u00f5i tellida midagi t\u00e4iesti ainulaadset. Klaas on suurep\u00e4rane materjal erilisteks puhkudeks. Vaata tehtud t\u00f6id minu kodulehelt.\" \/>\n<meta property=\"og:url\" content=\"https:\/\/tiinasarapu.ee\/en\/kontakt-tiinasarapu\/\" \/>\n<meta property=\"og:site_name\" content=\"tiinasarapu\" \/>\n<meta property=\"article:modified_time\" content=\"2019-04-18T17:03:27+00:00\" \/>\n<meta name=\"twitter:card\" content=\"summary_large_image\" \/>\n<meta name=\"twitter:label1\" content=\"Est. reading time\" \/>\n\t<meta name=\"twitter:data1\" content=\"1 minute\" \/>\n<script type=\"application\/ld+json\" class=\"yoast-schema-graph\">{\"@context\":\"https:\/\/schema.org\",\"@graph\":[{\"@type\":\"WebPage\",\"@id\":\"https:\/\/tiinasarapu.ee\/en\/kontakt-tiinasarapu\/\",\"url\":\"https:\/\/tiinasarapu.ee\/en\/kontakt-tiinasarapu\/\",\"name\":\"Kontakt \u2013 klaasikunstnik Tiina Sarapu \u2013 tiinasarapu.ee\",\"isPartOf\":{\"@id\":\"https:\/\/tiinasarapu.ee\/#website\"},\"datePublished\":\"2014-11-19T14:44:22+00:00\",\"dateModified\":\"2019-04-18T17:03:27+00:00\",\"description\":\"Stuudio aadress: Niine tn 11, Tallinn, tel +372 5536129 tiina.sarapu@gmail.com V\u00f5ta julgesti \u00fchendust kui soovid saada hinnapakkumist v\u00f5i tellida midagi t\u00e4iesti ainulaadset. Klaas on suurep\u00e4rane materjal erilisteks puhkudeks. Vaata tehtud t\u00f6id minu kodulehelt.\",\"breadcrumb\":{\"@id\":\"https:\/\/tiinasarapu.ee\/en\/kontakt-tiinasarapu\/#breadcrumb\"},\"inLanguage\":\"en-US\",\"potentialAction\":[{\"@type\":\"ReadAction\",\"target\":[\"https:\/\/tiinasarapu.ee\/en\/kontakt-tiinasarapu\/\"]}]},{\"@type\":\"BreadcrumbList\",\"@id\":\"https:\/\/tiinasarapu.ee\/en\/kontakt-tiinasarapu\/#breadcrumb\",\"itemListElement\":[{\"@type\":\"ListItem\",\"position\":1,\"name\":\"Home\",\"item\":\"https:\/\/tiinasarapu.ee\/en\/\"},{\"@type\":\"ListItem\",\"position\":2,\"name\":\"Contact\"}]},{\"@type\":\"WebSite\",\"@id\":\"https:\/\/tiinasarapu.ee\/#website\",\"url\":\"https:\/\/tiinasarapu.ee\/\",\"name\":\"tiinasarapu\",\"description\":\"Klaasikunstnik Tiina Sarapu koduleht\",\"potentialAction\":[{\"@type\":\"SearchAction\",\"target\":{\"@type\":\"EntryPoint\",\"urlTemplate\":\"https:\/\/tiinasarapu.ee\/?s={search_term_string}\"},\"query-input\":{\"@type\":\"PropertyValueSpecification\",\"valueRequired\":true,\"valueName\":\"search_term_string\"}}],\"inLanguage\":\"en-US\"}]}<\/script>\n<!-- \/ Yoast SEO plugin. -->","yoast_head_json":{"title":"Kontakt \u2013 klaasikunstnik Tiina Sarapu \u2013 tiinasarapu.ee","description":"Stuudio aadress: Niine tn 11, Tallinn, tel +372 5536129 tiina.sarapu@gmail.com V\u00f5ta julgesti \u00fchendust kui soovid saada hinnapakkumist v\u00f5i tellida midagi t\u00e4iesti ainulaadset. Klaas on suurep\u00e4rane materjal erilisteks puhkudeks. Vaata tehtud t\u00f6id minu kodulehelt.","robots":{"index":"index","follow":"follow","max-snippet":"max-snippet:-1","max-image-preview":"max-image-preview:large","max-video-preview":"max-video-preview:-1"},"canonical":"https:\/\/tiinasarapu.ee\/en\/kontakt-tiinasarapu\/","og_locale":"en_US","og_type":"article","og_title":"Kontakt \u2013 klaasikunstnik Tiina Sarapu \u2013 tiinasarapu.ee","og_description":"Stuudio aadress: Niine tn 11, Tallinn, tel +372 5536129 tiina.sarapu@gmail.com V\u00f5ta julgesti \u00fchendust kui soovid saada hinnapakkumist v\u00f5i tellida midagi t\u00e4iesti ainulaadset. Klaas on suurep\u00e4rane materjal erilisteks puhkudeks. Vaata tehtud t\u00f6id minu kodulehelt.","og_url":"https:\/\/tiinasarapu.ee\/en\/kontakt-tiinasarapu\/","og_site_name":"tiinasarapu","article_modified_time":"2019-04-18T17:03:27+00:00","twitter_card":"summary_large_image","twitter_misc":{"Est. reading time":"1 minute"},"schema":{"@context":"https:\/\/schema.org","@graph":[{"@type":"WebPage","@id":"https:\/\/tiinasarapu.ee\/en\/kontakt-tiinasarapu\/","url":"https:\/\/tiinasarapu.ee\/en\/kontakt-tiinasarapu\/","name":"Kontakt \u2013 klaasikunstnik Tiina Sarapu \u2013 tiinasarapu.ee","isPartOf":{"@id":"https:\/\/tiinasarapu.ee\/#website"},"datePublished":"2014-11-19T14:44:22+00:00","dateModified":"2019-04-18T17:03:27+00:00","description":"Stuudio aadress: Niine tn 11, Tallinn, tel +372 5536129 tiina.sarapu@gmail.com V\u00f5ta julgesti \u00fchendust kui soovid saada hinnapakkumist v\u00f5i tellida midagi t\u00e4iesti ainulaadset. Klaas on suurep\u00e4rane materjal erilisteks puhkudeks. Vaata tehtud t\u00f6id minu kodulehelt.","breadcrumb":{"@id":"https:\/\/tiinasarapu.ee\/en\/kontakt-tiinasarapu\/#breadcrumb"},"inLanguage":"en-US","potentialAction":[{"@type":"ReadAction","target":["https:\/\/tiinasarapu.ee\/en\/kontakt-tiinasarapu\/"]}]},{"@type":"BreadcrumbList","@id":"https:\/\/tiinasarapu.ee\/en\/kontakt-tiinasarapu\/#breadcrumb","itemListElement":[{"@type":"ListItem","position":1,"name":"Home","item":"https:\/\/tiinasarapu.ee\/en\/"},{"@type":"ListItem","position":2,"name":"Contact"}]},{"@type":"WebSite","@id":"https:\/\/tiinasarapu.ee\/#website","url":"https:\/\/tiinasarapu.ee\/","name":"tiinasarapu","description":"Klaasikunstnik Tiina Sarapu koduleht","potentialAction":[{"@type":"SearchAction","target":{"@type":"EntryPoint","urlTemplate":"https:\/\/tiinasarapu.ee\/?s={search_term_string}"},"query-input":{"@type":"PropertyValueSpecification","valueRequired":true,"valueName":"search_term_string"}}],"inLanguage":"en-US"}]}},"_links":{"self":[{"href":"https:\/\/tiinasarapu.ee\/en\/wp-json\/wp\/v2\/pages\/16920","targetHints":{"allow":["GET"]}}],"collection":[{"href":"https:\/\/tiinasarapu.ee\/en\/wp-json\/wp\/v2\/pages"}],"about":[{"href":"https:\/\/tiinasarapu.ee\/en\/wp-json\/wp\/v2\/types\/page"}],"author":[{"embeddable":true,"href":"https:\/\/tiinasarapu.ee\/en\/wp-json\/wp\/v2\/users\/2"}],"replies":[{"embeddable":true,"href":"https:\/\/tiinasarapu.ee\/en\/wp-json\/wp\/v2\/comments?post=16920"}],"version-history":[{"count":8,"href":"https:\/\/tiinasarapu.ee\/en\/wp-json\/wp\/v2\/pages\/16920\/revisions"}],"predecessor-version":[{"id":17304,"href":"https:\/\/tiinasarapu.ee\/en\/wp-json\/wp\/v2\/pages\/16920\/revisions\/17304"}],"wp:attachment":[{"href":"https:\/\/tiinasarapu.ee\/en\/wp-json\/wp\/v2\/media?parent=16920"}],"curies":[{"name":"wp","href":"https:\/\/api.w.org\/{rel}","templated":true}]}}